{"id":630,"date":"2020-08-12T14:46:44","date_gmt":"2020-08-12T14:46:44","guid":{"rendered":"https:\/\/segerwebsites.com\/movaco\/?page_id=630"},"modified":"2021-09-29T09:23:19","modified_gmt":"2021-09-29T09:23:19","slug":"pappersbestallning","status":"publish","type":"page","link":"https:\/\/movaco.fi\/sv\/service-support\/pappersbestallning\/","title":{"rendered":"Pappersbest\u00e4llning"},"content":{"rendered":"<div  class=\"tatsu-gggbvqdnrr3zy30z tatsu-section  tatsu-bg-overlay   tatsu-clearfix\" data-title=\"\"  data-headerscheme=\"background--dark\"><div class='tatsu-section-pad clearfix' data-padding='{\"d\":\"90px 20% 90px 20%\",\"l\":\"90px 10% 90px 10%\",\"t\":\"90px 5% 90px 5%\",\"m\":\"90px 5% 90px 5%\"}' data-padding-top='90px'><div class=\"tatsu-row-wrap  tatsu-row-full-width tatsu-row-one-col tatsu-row-has-one-cols tatsu-medium-gutter tatsu-reg-cols  tatsu-clearfix tatsu-gggbvqdnudalc6an\" ><div  class=\"tatsu-row \" ><div  class=\"tatsu-column  tatsu-bg-overlay tatsu-one-col tatsu-column-image-none tatsu-column-effect-none  tatsu-gggbvqdnx65q695d\"  data-parallax-speed=\"0\" style=\"\"><div class=\"tatsu-column-inner \" ><div class=\"tatsu-column-pad-wrap\"><div class=\"tatsu-column-pad\" ><div  class=\"tatsu-module tatsu-text-block-wrap tatsu-gggbvqdnzg2lmzhe  \"><div class=\"tatsu-text-inner tatsu-align-center  clearfix\" ><style>.tatsu-gggbvqdnzg2lmzhe.tatsu-text-block-wrap .tatsu-text-inner{width: 100%;text-align: left;}<\/style>\n<h3><strong>PAPPERSBEST\u00c4LLNING<\/strong><\/h3>\n<\/div><\/div><div  class=\"tatsu-module tatsu-text-block-wrap tatsu-gggbvqdo5495tyuh  \"><div class=\"tatsu-text-inner tatsu-align-center  clearfix\" ><style>.tatsu-gggbvqdo5495tyuh.tatsu-text-block-wrap .tatsu-text-inner{width: 100%;text-align: left;}<\/style>\n<p><span class=\"TextRun SCXW109378508 BCX0\" lang=\"SV-FI\" xml:lang=\"SV-FI\" data-contrast=\"none\"><span class=\"NormalTextRun SCXW109378508 BCX0\">Obligatoriska f\u00e4lt \u00e4r m\u00e4rkta med&nbsp;<\/span><\/span><span class=\"TextRun SCXW109378508 BCX0\" lang=\"SV-FI\" xml:lang=\"SV-FI\" data-contrast=\"none\"><span class=\"NormalTextRun SCXW109378508 BCX0\">stj\u00e4rna (<\/span><\/span><span class=\"TextRun SCXW109378508 BCX0\" lang=\"SV-FI\" xml:lang=\"SV-FI\" data-contrast=\"none\"><span class=\"NormalTextRun SCXW109378508 BCX0\">*<\/span><\/span><span class=\"TextRun SCXW109378508 BCX0\" lang=\"SV-FI\" xml:lang=\"SV-FI\" data-contrast=\"none\"><span class=\"NormalTextRun SCXW109378508 BCX0\">)<\/span><\/span><span class=\"TextRun SCXW109378508 BCX0\" lang=\"SV-FI\" xml:lang=\"SV-FI\" data-contrast=\"none\"><span class=\"NormalTextRun SCXW109378508 BCX0\">\u202f<\/span><\/span><\/p>\n<\/div><\/div>        <div  class = \"tatsu-wp-forms tatsu-module  tatsu-N8Y4FKmrM \" >\n            <style>.tatsu-N8Y4FKmrM.tatsu-wp-forms .wpforms-container-full .wpforms-form input:not([type=\"submit\"]), \n                            .tatsu-N8Y4FKmrM.tatsu-wp-forms .wpforms-container-full .wpforms-form textarea, \n                            .tatsu-N8Y4FKmrM.tatsu-wp-forms div.wpforms-container-full .wpforms-form select{color: rgba(0,0,0,1) ;}.tatsu-N8Y4FKmrM.tatsu-wp-forms .wpforms-container-full .wpforms-form .wpforms-field-label, \n                            .tatsu-N8Y4FKmrM ::-webkit-input-placeholder,\n                            .tatsu-N8Y4FKmrM.tatsu-wp-forms .wpforms-container-full .wpforms-form .wpforms-field-label-inline{color: rgba(0,0,0,1) ;}.tatsu-N8Y4FKmrM.tatsu-wp-forms div.wpforms-container-full .wpforms-form button[type=submit]{color: rgba(255,255,255,1) ;background-color: rgba(188,37,41,1);}.tatsu-N8Y4FKmrM textarea, .tatsu-N8Y4FKmrM input:not([type = \"submit\"]), .tatsu-N8Y4FKmrM select{border-color: rgba(0,0,0,1); }.tatsu-N8Y4FKmrM{border-width: 0px 0px 0px 0px;border-style: solid;}<\/style>            <div class = \"tatsu-wp-forms-inner tatsu-wp-form-border-with-underline tatsu-wp-form-submit-rounded\">\n                <div class=\"wpforms-container wpforms-container-full\" id=\"wpforms-809\"><form id=\"wpforms-form-809\" class=\"wpforms-validate wpforms-form\" data-formid=\"809\" method=\"post\" enctype=\"multipart\/form-data\" action=\"\/sv\/wp-json\/wp\/v2\/pages\/630\" data-token=\"bbb635bce5701c9664185fc081467326\" data-token-time=\"1777306640\"><noscript class=\"wpforms-error-noscript\">Aktivera JavaScript i din webbl\u00e4sare f\u00f6r att fylla i formul\u00e4ret.<\/noscript><div class=\"wpforms-field-container\"><div id=\"wpforms-809-field_3-container\" class=\"wpforms-field wpforms-field-text\" data-field-id=\"3\"><label class=\"wpforms-field-label\" for=\"wpforms-809-field_3\">F\u00f6retag <span class=\"wpforms-required-label\">*<\/span><\/label><input type=\"text\" id=\"wpforms-809-field_3\" class=\"wpforms-field-large wpforms-field-required\" name=\"wpforms[fields][3]\" required><\/div><div id=\"wpforms-809-field_4-container\" class=\"wpforms-field wpforms-field-text\" data-field-id=\"4\"><label class=\"wpforms-field-label\" for=\"wpforms-809-field_4\">Kontaktperson <span class=\"wpforms-required-label\">*<\/span><\/label><input type=\"text\" id=\"wpforms-809-field_4\" class=\"wpforms-field-large wpforms-field-required\" name=\"wpforms[fields][4]\" required><\/div><div id=\"wpforms-809-field_5-container\" class=\"wpforms-field wpforms-field-text\" data-field-id=\"5\"><label class=\"wpforms-field-label\" for=\"wpforms-809-field_5\">Telefonnummer <span class=\"wpforms-required-label\">*<\/span><\/label><input type=\"text\" id=\"wpforms-809-field_5\" class=\"wpforms-field-large wpforms-field-required\" name=\"wpforms[fields][5]\" required><\/div><div id=\"wpforms-809-field_7-container\" class=\"wpforms-field wpforms-field-email\" data-field-id=\"7\"><label class=\"wpforms-field-label\" for=\"wpforms-809-field_7\">E-postadress <span class=\"wpforms-required-label\">*<\/span><\/label><input type=\"email\" id=\"wpforms-809-field_7\" class=\"wpforms-field-large wpforms-field-required\" name=\"wpforms[fields][7]\" spellcheck=\"false\" required><\/div><div id=\"wpforms-809-field_17-container\" class=\"wpforms-field wpforms-field-textarea\" data-field-id=\"17\"><label class=\"wpforms-field-label\" for=\"wpforms-809-field_17\">Jag best\u00e4ller: <span class=\"wpforms-required-label\">*<\/span><\/label><textarea id=\"wpforms-809-field_17\" class=\"wpforms-field-medium wpforms-field-required\" name=\"wpforms[fields][17]\" required><\/textarea><\/div><\/div><!-- .wpforms-field-container --><div class=\"wpforms-field wpforms-field-hp\"><label for=\"wpforms-809-field-hp\" class=\"wpforms-field-label\">Name<\/label><input type=\"text\" name=\"wpforms[hp]\" id=\"wpforms-809-field-hp\" class=\"wpforms-field-medium\"><\/div><div class=\"wpforms-recaptcha-container wpforms-is-recaptcha wpforms-is-recaptcha-type-v3\" ><input type=\"hidden\" name=\"wpforms[recaptcha]\" value=\"\"><\/div><div class=\"wpforms-submit-container\" ><input type=\"hidden\" name=\"wpforms[id]\" value=\"809\"><input type=\"hidden\" name=\"page_title\" value=\"\"><input type=\"hidden\" name=\"page_url\" value=\"https:\/\/movaco.fi\/sv\/wp-json\/wp\/v2\/pages\/630\"><input type=\"hidden\" name=\"url_referer\" value=\"\"><button type=\"submit\" name=\"wpforms[submit]\" id=\"wpforms-submit-809\" class=\"wpforms-submit\" data-alt-text=\"Skickar...\" data-submit-text=\"Skicka best\u00e4llning\" aria-live=\"assertive\" value=\"wpforms-submit\">Skicka best\u00e4llning<\/button><\/div><\/form><\/div>  <!-- .wpforms-container -->            <\/div>\n        <\/div>\n<\/div><\/div><div class = \"tatsu-column-bg-image-wrap\"><div class = \"tatsu-column-bg-image\" ><\/div><\/div><div class=\"tatsu-overlay tatsu-column-overlay tatsu-animate-none\" ><\/div><\/div><style>.tatsu-row > .tatsu-gggbvqdnx65q695d.tatsu-column{width: 100%;}.tatsu-gggbvqdnx65q695d.tatsu-column > .tatsu-column-inner > .tatsu-column-overlay{mix-blend-mode: normal;}.tatsu-gggbvqdnx65q695d > .tatsu-column-inner > .tatsu-top-divider{z-index: 9999;}.tatsu-gggbvqdnx65q695d > .tatsu-column-inner > .tatsu-bottom-divider{z-index: 9999;}.tatsu-gggbvqdnx65q695d > .tatsu-column-inner > .tatsu-left-divider{z-index: 9999;}.tatsu-gggbvqdnx65q695d > .tatsu-column-inner > .tatsu-right-divider{z-index: 9999;}@media only screen and (max-width:1377px) {.tatsu-row > .tatsu-gggbvqdnx65q695d.tatsu-column{width: 100%;}}@media only screen and (min-width:768px) and (max-width: 1024px) {.tatsu-row > .tatsu-gggbvqdnx65q695d.tatsu-column{width: 100%;}}@media only screen and (max-width: 767px) {.tatsu-row > .tatsu-gggbvqdnx65q695d.tatsu-column{width: 100%;}}<\/style><\/div><\/div><\/div><\/div><div class=\"tatsu-section-background-wrap\"><div class = \"tatsu-section-background\" ><\/div><\/div><div class=\"tatsu-overlay tatsu-section-overlay\"><\/div><style>.tatsu-gggbvqdnrr3zy30z .tatsu-section-pad{padding: 90px 20% 90px 20%;}.tatsu-gggbvqdnrr3zy30z .tatsu-section-offset-wrap{transform: translateY(-0px);}.tatsu-gggbvqdnrr3zy30z > .tatsu-bottom-divider{z-index: 9999;}.tatsu-gggbvqdnrr3zy30z > .tatsu-top-divider{z-index: 9999;}.tatsu-gggbvqdnrr3zy30z .tatsu-section-overlay{mix-blend-mode: normal;}@media only screen and (max-width:1377px) {.tatsu-gggbvqdnrr3zy30z .tatsu-section-pad{padding: 90px 10% 90px 10%;}}@media only screen and (min-width:768px) and (max-width: 1024px) {.tatsu-gggbvqdnrr3zy30z .tatsu-section-pad{padding: 90px 5% 90px 5%;}}@media only screen and (max-width: 767px) {.tatsu-gggbvqdnrr3zy30z .tatsu-section-pad{padding: 90px 5% 90px 5%;}}<\/style><\/div>\n","protected":false},"excerpt":{"rendered":"<div><a href=\"https:\/\/movaco.fi\/sv\/service-support\/pappersbestallning\/\" class=\"exp-read-more exp-read-more-underlined\">Read More<\/a><\/div>\n","protected":false},"author":4,"featured_media":0,"parent":619,"menu_order":0,"comment_status":"closed","ping_status":"closed","template":"","meta":{"footnotes":""},"class_list":["post-630","page","type-page","status-publish","hentry"],"yoast_head":"<!-- This site is optimized with the Yoast SEO plugin v27.4 - https:\/\/yoast.com\/product\/yoast-seo-wordpress\/ -->\n<title>Best\u00e4ll kopieringspapper och printer papper - Movaco Oy - Canon - Vasa<\/title>\n<meta name=\"description\" content=\"Kopieringspapper och printerpapper till din Canon printer eller kopieringsmaskin fr\u00e5n Movaco Oy - Canon Business Center Vasa. Bangatan 7.\" \/>\n<meta name=\"robots\" content=\"index, follow, max-snippet:-1, max-image-preview:large, max-video-preview:-1\" \/>\n<link rel=\"canonical\" href=\"https:\/\/movaco.fi\/sv\/service-support\/pappersbestallning\/\" \/>\n<meta property=\"og:locale\" content=\"sv_SE\" \/>\n<meta property=\"og:type\" content=\"article\" \/>\n<meta property=\"og:title\" content=\"Best\u00e4ll kopieringspapper och printer papper - Movaco Oy - Canon - Vasa\" \/>\n<meta property=\"og:description\" content=\"Kopieringspapper och printerpapper till din Canon printer eller kopieringsmaskin fr\u00e5n Movaco Oy - Canon Business Center Vasa. Bangatan 7.\" \/>\n<meta property=\"og:url\" content=\"https:\/\/movaco.fi\/sv\/service-support\/pappersbestallning\/\" \/>\n<meta property=\"og:site_name\" content=\"movaco\" \/>\n<meta property=\"article:publisher\" content=\"https:\/\/www.facebook.com\/Movaco-Oy-1623983064297182\/\" \/>\n<meta property=\"article:modified_time\" content=\"2021-09-29T09:23:19+00:00\" \/>\n<meta name=\"twitter:card\" content=\"summary_large_image\" \/>\n<meta name=\"twitter:label1\" content=\"Ber\u00e4knad l\u00e4stid\" \/>\n\t<meta name=\"twitter:data1\" content=\"2 minuter\" \/>\n<script type=\"application\/ld+json\" class=\"yoast-schema-graph\">{\"@context\":\"https:\\\/\\\/schema.org\",\"@graph\":[{\"@type\":\"WebPage\",\"@id\":\"https:\\\/\\\/movaco.fi\\\/sv\\\/service-support\\\/pappersbestallning\\\/\",\"url\":\"https:\\\/\\\/movaco.fi\\\/sv\\\/service-support\\\/pappersbestallning\\\/\",\"name\":\"Best\u00e4ll kopieringspapper och printer papper - Movaco Oy - Canon - Vasa\",\"isPartOf\":{\"@id\":\"https:\\\/\\\/movaco.fi\\\/#website\"},\"datePublished\":\"2020-08-12T14:46:44+00:00\",\"dateModified\":\"2021-09-29T09:23:19+00:00\",\"description\":\"Kopieringspapper och printerpapper till din Canon printer eller kopieringsmaskin fr\u00e5n Movaco Oy - Canon Business Center Vasa. Bangatan 7.\",\"breadcrumb\":{\"@id\":\"https:\\\/\\\/movaco.fi\\\/sv\\\/service-support\\\/pappersbestallning\\\/#breadcrumb\"},\"inLanguage\":\"sv-SE\",\"potentialAction\":[{\"@type\":\"ReadAction\",\"target\":[\"https:\\\/\\\/movaco.fi\\\/sv\\\/service-support\\\/pappersbestallning\\\/\"]}]},{\"@type\":\"BreadcrumbList\",\"@id\":\"https:\\\/\\\/movaco.fi\\\/sv\\\/service-support\\\/pappersbestallning\\\/#breadcrumb\",\"itemListElement\":[{\"@type\":\"ListItem\",\"position\":1,\"name\":\"Etusivu\",\"item\":\"https:\\\/\\\/movaco.fi\\\/sv\\\/\"},{\"@type\":\"ListItem\",\"position\":2,\"name\":\"Service &#038; support\",\"item\":\"https:\\\/\\\/movaco.fi\\\/sv\\\/service-support\\\/\"},{\"@type\":\"ListItem\",\"position\":3,\"name\":\"Pappersbest\u00e4llning\"}]},{\"@type\":\"WebSite\",\"@id\":\"https:\\\/\\\/movaco.fi\\\/#website\",\"url\":\"https:\\\/\\\/movaco.fi\\\/\",\"name\":\"movaco\",\"description\":\"Canon business center\",\"publisher\":{\"@id\":\"https:\\\/\\\/movaco.fi\\\/#organization\"},\"potentialAction\":[{\"@type\":\"SearchAction\",\"target\":{\"@type\":\"EntryPoint\",\"urlTemplate\":\"https:\\\/\\\/movaco.fi\\\/?s={search_term_string}\"},\"query-input\":{\"@type\":\"PropertyValueSpecification\",\"valueRequired\":true,\"valueName\":\"search_term_string\"}}],\"inLanguage\":\"sv-SE\"},{\"@type\":\"Organization\",\"@id\":\"https:\\\/\\\/movaco.fi\\\/#organization\",\"name\":\"Movaco Oy\",\"url\":\"https:\\\/\\\/movaco.fi\\\/\",\"logo\":{\"@type\":\"ImageObject\",\"inLanguage\":\"sv-SE\",\"@id\":\"https:\\\/\\\/movaco.fi\\\/#\\\/schema\\\/logo\\\/image\\\/\",\"url\":\"https:\\\/\\\/movaco.fi\\\/wp-content\\\/uploads\\\/2021\\\/01\\\/Movaco-Canon-Business-Center-2-2.png\",\"contentUrl\":\"https:\\\/\\\/movaco.fi\\\/wp-content\\\/uploads\\\/2021\\\/01\\\/Movaco-Canon-Business-Center-2-2.png\",\"width\":301,\"height\":76,\"caption\":\"Movaco Oy\"},\"image\":{\"@id\":\"https:\\\/\\\/movaco.fi\\\/#\\\/schema\\\/logo\\\/image\\\/\"},\"sameAs\":[\"https:\\\/\\\/www.facebook.com\\\/Movaco-Oy-1623983064297182\\\/\",\"https:\\\/\\\/www.instagram.com\\\/movacocbc\\\/\",\"https:\\\/\\\/www.linkedin.com\\\/company\\\/movacooy\\\/\"]}]}<\/script>\n<!-- \/ Yoast SEO plugin. -->","yoast_head_json":{"title":"Best\u00e4ll kopieringspapper och printer papper - Movaco Oy - Canon - Vasa","description":"Kopieringspapper och printerpapper till din Canon printer eller kopieringsmaskin fr\u00e5n Movaco Oy - Canon Business Center Vasa. Bangatan 7.","robots":{"index":"index","follow":"follow","max-snippet":"max-snippet:-1","max-image-preview":"max-image-preview:large","max-video-preview":"max-video-preview:-1"},"canonical":"https:\/\/movaco.fi\/sv\/service-support\/pappersbestallning\/","og_locale":"sv_SE","og_type":"article","og_title":"Best\u00e4ll kopieringspapper och printer papper - Movaco Oy - Canon - Vasa","og_description":"Kopieringspapper och printerpapper till din Canon printer eller kopieringsmaskin fr\u00e5n Movaco Oy - Canon Business Center Vasa. Bangatan 7.","og_url":"https:\/\/movaco.fi\/sv\/service-support\/pappersbestallning\/","og_site_name":"movaco","article_publisher":"https:\/\/www.facebook.com\/Movaco-Oy-1623983064297182\/","article_modified_time":"2021-09-29T09:23:19+00:00","twitter_card":"summary_large_image","twitter_misc":{"Ber\u00e4knad l\u00e4stid":"2 minuter"},"schema":{"@context":"https:\/\/schema.org","@graph":[{"@type":"WebPage","@id":"https:\/\/movaco.fi\/sv\/service-support\/pappersbestallning\/","url":"https:\/\/movaco.fi\/sv\/service-support\/pappersbestallning\/","name":"Best\u00e4ll kopieringspapper och printer papper - Movaco Oy - Canon - Vasa","isPartOf":{"@id":"https:\/\/movaco.fi\/#website"},"datePublished":"2020-08-12T14:46:44+00:00","dateModified":"2021-09-29T09:23:19+00:00","description":"Kopieringspapper och printerpapper till din Canon printer eller kopieringsmaskin fr\u00e5n Movaco Oy - Canon Business Center Vasa. Bangatan 7.","breadcrumb":{"@id":"https:\/\/movaco.fi\/sv\/service-support\/pappersbestallning\/#breadcrumb"},"inLanguage":"sv-SE","potentialAction":[{"@type":"ReadAction","target":["https:\/\/movaco.fi\/sv\/service-support\/pappersbestallning\/"]}]},{"@type":"BreadcrumbList","@id":"https:\/\/movaco.fi\/sv\/service-support\/pappersbestallning\/#breadcrumb","itemListElement":[{"@type":"ListItem","position":1,"name":"Etusivu","item":"https:\/\/movaco.fi\/sv\/"},{"@type":"ListItem","position":2,"name":"Service &#038; support","item":"https:\/\/movaco.fi\/sv\/service-support\/"},{"@type":"ListItem","position":3,"name":"Pappersbest\u00e4llning"}]},{"@type":"WebSite","@id":"https:\/\/movaco.fi\/#website","url":"https:\/\/movaco.fi\/","name":"movaco","description":"Canon business center","publisher":{"@id":"https:\/\/movaco.fi\/#organization"},"potentialAction":[{"@type":"SearchAction","target":{"@type":"EntryPoint","urlTemplate":"https:\/\/movaco.fi\/?s={search_term_string}"},"query-input":{"@type":"PropertyValueSpecification","valueRequired":true,"valueName":"search_term_string"}}],"inLanguage":"sv-SE"},{"@type":"Organization","@id":"https:\/\/movaco.fi\/#organization","name":"Movaco Oy","url":"https:\/\/movaco.fi\/","logo":{"@type":"ImageObject","inLanguage":"sv-SE","@id":"https:\/\/movaco.fi\/#\/schema\/logo\/image\/","url":"https:\/\/movaco.fi\/wp-content\/uploads\/2021\/01\/Movaco-Canon-Business-Center-2-2.png","contentUrl":"https:\/\/movaco.fi\/wp-content\/uploads\/2021\/01\/Movaco-Canon-Business-Center-2-2.png","width":301,"height":76,"caption":"Movaco Oy"},"image":{"@id":"https:\/\/movaco.fi\/#\/schema\/logo\/image\/"},"sameAs":["https:\/\/www.facebook.com\/Movaco-Oy-1623983064297182\/","https:\/\/www.instagram.com\/movacocbc\/","https:\/\/www.linkedin.com\/company\/movacooy\/"]}]}},"_links":{"self":[{"href":"https:\/\/movaco.fi\/sv\/wp-json\/wp\/v2\/pages\/630","targetHints":{"allow":["GET"]}}],"collection":[{"href":"https:\/\/movaco.fi\/sv\/wp-json\/wp\/v2\/pages"}],"about":[{"href":"https:\/\/movaco.fi\/sv\/wp-json\/wp\/v2\/types\/page"}],"author":[{"embeddable":true,"href":"https:\/\/movaco.fi\/sv\/wp-json\/wp\/v2\/users\/4"}],"replies":[{"embeddable":true,"href":"https:\/\/movaco.fi\/sv\/wp-json\/wp\/v2\/comments?post=630"}],"version-history":[{"count":7,"href":"https:\/\/movaco.fi\/sv\/wp-json\/wp\/v2\/pages\/630\/revisions"}],"predecessor-version":[{"id":1224,"href":"https:\/\/movaco.fi\/sv\/wp-json\/wp\/v2\/pages\/630\/revisions\/1224"}],"up":[{"embeddable":true,"href":"https:\/\/movaco.fi\/sv\/wp-json\/wp\/v2\/pages\/619"}],"wp:attachment":[{"href":"https:\/\/movaco.fi\/sv\/wp-json\/wp\/v2\/media?parent=630"}],"curies":[{"name":"wp","href":"https:\/\/api.w.org\/{rel}","templated":true}]}}