{"id":617,"date":"2020-08-12T14:32:15","date_gmt":"2020-08-12T14:32:15","guid":{"rendered":"https:\/\/segerwebsites.com\/movaco\/?page_id=617"},"modified":"2023-08-01T05:46:48","modified_gmt":"2023-08-01T05:46:48","slug":"movaco-oy-information","status":"publish","type":"page","link":"https:\/\/movaco.fi\/sv\/movaco-oy-information\/","title":{"rendered":"Om oss"},"content":{"rendered":"<div  class=\"tatsu-gdown2hyn2dhcp07 tatsu-section  tatsu-section-custom-height tatsu-bg-overlay   tatsu-clearfix\" data-title=\"\"  data-headerscheme=\"background--dark\"><div class = \"tatsu-custom-height-wrap\"><div class='tatsu-section-pad clearfix' data-padding='{\"d\":\"90px 3% 90px 5%\",\"m\":\"90px 5% 90px 5%\"}' data-padding-top='90px'><\/div><div class=\"tatsu-section-background-wrap\"><div class = \"tatsu-section-background\" ><\/div><\/div><div class=\"tatsu-overlay tatsu-section-overlay\"><\/div><\/div><style>.tatsu-gdown2hyn2dhcp07 .tatsu-section-background{background-image: url(https:\/\/movaco.fi\/wp-content\/uploads\/2020\/05\/movac_tuotteetjapalvelut_tulostus.jpg);background-repeat: no-repeat;background-attachment: scroll;background-position: center center;background-size: initial;}.tatsu-gdown2hyn2dhcp07 .tatsu-bg-blur{background-repeat: no-repeat;background-attachment: scroll;background-position: center center;background-size: initial;}.tatsu-gdown2hyn2dhcp07 .tatsu-section-pad{padding: 90px 3% 90px 5%;}.tatsu-gdown2hyn2dhcp07 .tatsu-section-offset-wrap{transform: translateY(-0px);}.tatsu-gdown2hyn2dhcp07 > .tatsu-bottom-divider{z-index: 9999;}.tatsu-gdown2hyn2dhcp07 > .tatsu-top-divider{z-index: 9999;}.tatsu-gdown2hyn2dhcp07 .tatsu-section-overlay{mix-blend-mode: normal;}.tatsu-gdown2hyn2dhcp07 .tatsu-custom-height-wrap{align-items: center;min-height: 550px;}@media only screen and (max-width:1377px) {.tatsu-gdown2hyn2dhcp07 .tatsu-custom-height-wrap{min-height: 650px;}}@media only screen and (min-width:768px) and (max-width: 1024px) {.tatsu-gdown2hyn2dhcp07 .tatsu-section-background{background-position: top center;}.tatsu-gdown2hyn2dhcp07 .tatsu-bg-blur{background-position: top center;}.tatsu-gdown2hyn2dhcp07 .tatsu-custom-height-wrap{min-height: 450px;}}@media only screen and (max-width: 767px) {.tatsu-gdown2hyn2dhcp07 .tatsu-section-background{background-position: bottom left;background-size: cover;}.tatsu-gdown2hyn2dhcp07 .tatsu-bg-blur{background-position: bottom left;background-size: cover;}.tatsu-gdown2hyn2dhcp07 .tatsu-section-pad{padding: 90px 5% 90px 5%;}.tatsu-gdown2hyn2dhcp07 .tatsu-custom-height-wrap{min-height: 250px;}}<\/style><\/div><div  class=\"tatsu-g2RIWQw7qj tatsu-section  tatsu-bg-overlay   tatsu-clearfix\" data-title=\"\"  data-headerscheme=\"background--dark\"><div class='tatsu-section-pad clearfix' data-padding='{\"d\":\"90px 25% 65px 25%\",\"l\":\"90px 20% 90px 20%\",\"t\":\"70px 5% 60px 5%\",\"m\":\"70px 7% 60px 7%\"}' data-padding-top='70px'><div class=\"tatsu-row-wrap  tatsu-row-full-width tatsu-row-one-col tatsu-row-has-one-cols tatsu-medium-gutter tatsu-reg-cols  tatsu-clearfix tatsu-vWipkQ-BzA\" ><div  class=\"tatsu-row \" ><div  class=\"tatsu-column  tatsu-bg-overlay tatsu-one-col tatsu-column-image-none tatsu-column-effect-none  tatsu-0XFKKbdMT\"  data-parallax-speed=\"0\" style=\"\"><div class=\"tatsu-column-inner \" ><div class=\"tatsu-column-pad-wrap\"><div class=\"tatsu-column-pad\" ><div  class=\"tatsu-module tatsu-text-block-wrap tatsu-Rug8sKq2W  \"><div class=\"tatsu-text-inner tatsu-align-center  clearfix\" ><style>.tatsu-Rug8sKq2W.tatsu-text-block-wrap .tatsu-text-inner{width: 100%;text-align: left;}<\/style>\n<h2 style=\"text-align: center;\"><strong>M O V A C O<\/strong><\/h2>\n<\/div><\/div><div  class=\"tatsu-module tatsu-text-block-wrap tatsu-PKW7TV4o7  \"><div class=\"tatsu-text-inner tatsu-align-center  clearfix\" ><style>.tatsu-PKW7TV4o7.tatsu-text-block-wrap .tatsu-text-inner{width: 100%;text-align: left;}<\/style>\n<p><strong>Movaco Oy \u00e4r ett Canon Business Center <\/strong>som hj\u00e4lper dig att effektivisera din kontorsmilj\u00f6 med hj\u00e4lp av dokument- och utskriftsl\u00f6sningar fr\u00e5n marknadsledaren Canon. V\u00e5rt kontor finns i Vasa och v\u00e5rt verksamhetsomr\u00e5de str\u00e4cker sig ca 50 km norrut \u00e4nda till Oravais och 100 km s\u00f6derut \u00e4nda till N\u00e4rpes och Kristinestad. Vi betj\u00e4nar f\u00f6retag i alla storlekar inom b\u00e5de den privata och offentliga sektorn.<\/p>\n<p><strong>Movacos f\u00f6retagsfilosofi<\/strong> baserar sig p\u00e5 kundlojalitet och viljan att hj\u00e4lpa. Vi str\u00e4var efter att\u00a0 tillsammans med kunden skapa en effektivare och smidigare kontorsmilj\u00f6 d\u00e4r man undviker on\u00f6diga mellansteg som kr\u00e4ver dyrbar arbetstid.<\/p>\n<h3 style=\"text-align: center;\"><strong>LOKAL SERVICE OCH SUPPORT<\/strong><\/h3>\n<p>F\u00f6r att garantera den b\u00e4sta m\u00f6jliga kundupplevelsen erbjuder Movaco <strong>kundanpassade\u00a0serviceavtal<\/strong> som ber\u00f6r allt fr\u00e5n skolning till maskinunderh\u00e5ll. Genom att teckna ett serviceavtal <strong>ansvarar Movaco f\u00f6r alla underh\u00e5lls- och reparationskostnader<\/strong>, vilket inneb\u00e4r att du som kund kan uppr\u00e4tth\u00e5lla aff\u00e4rskontinuiteten och undvika on\u00f6diga avbrott i vardagen. F\u00f6r att s\u00e4kerst\u00e4lla att anv\u00e4ndningen av en ny apparat fungerar sm\u00e4rtfritt erbjuder vi \u00e4ven skolning av v\u00e5ra produkter.<\/p>\n<p style=\"text-align: center;\"><strong>Vill du veta mer om hur vi tillsammans kan skapa en smidigare kontorsmilj\u00f6 i ditt f\u00f6retag? <\/strong>Kontakta d\u00e5 n\u00e5gon i v\u00e5rt <a href=\"https:\/\/movaco.fi\/sv\/ta-kontakt\/\">f\u00f6rs\u00e4ljningsteam<\/a> eller fyll i dina uppgifter i formul\u00e4ret nedan s\u00e5 kontaktar vi dig inom kort!<\/p>\n<\/div><\/div><\/div><\/div><div class = \"tatsu-column-bg-image-wrap\"><div class = \"tatsu-column-bg-image\" ><\/div><\/div><div class=\"tatsu-overlay tatsu-column-overlay tatsu-animate-none\" ><\/div><\/div><style>.tatsu-row > .tatsu-0XFKKbdMT.tatsu-column{width: 100%;}.tatsu-0XFKKbdMT.tatsu-column > .tatsu-column-inner > .tatsu-column-overlay{mix-blend-mode: normal;}.tatsu-0XFKKbdMT > .tatsu-column-inner > .tatsu-top-divider{z-index: 9999;}.tatsu-0XFKKbdMT > .tatsu-column-inner > .tatsu-bottom-divider{z-index: 9999;}.tatsu-0XFKKbdMT > .tatsu-column-inner > .tatsu-left-divider{z-index: 9999;}.tatsu-0XFKKbdMT > .tatsu-column-inner > .tatsu-right-divider{z-index: 9999;}@media only screen and (max-width:1377px) {.tatsu-row > .tatsu-0XFKKbdMT.tatsu-column{width: 100%;}}@media only screen and (min-width:768px) and (max-width: 1024px) {.tatsu-row > .tatsu-0XFKKbdMT.tatsu-column{width: 100%;}}@media only screen and (max-width: 767px) {.tatsu-row > .tatsu-0XFKKbdMT.tatsu-column{width: 100%;}}<\/style><\/div><\/div><\/div><\/div><div class=\"tatsu-section-background-wrap\"><div class = \"tatsu-section-background\" ><\/div><\/div><div class=\"tatsu-overlay tatsu-section-overlay\"><\/div><style>.tatsu-g2RIWQw7qj.tatsu-section{background-color: rgba(236,236,236,1);}.tatsu-g2RIWQw7qj .tatsu-section-pad{padding: 90px 25% 65px 25%;}.tatsu-g2RIWQw7qj .tatsu-section-offset-wrap{transform: translateY(-0px);}.tatsu-g2RIWQw7qj > .tatsu-bottom-divider{z-index: 9999;}.tatsu-g2RIWQw7qj > .tatsu-top-divider{z-index: 9999;}.tatsu-g2RIWQw7qj .tatsu-section-overlay{mix-blend-mode: normal;}@media only screen and (max-width:1377px) {.tatsu-g2RIWQw7qj .tatsu-section-pad{padding: 90px 20% 90px 20%;}}@media only screen and (min-width:768px) and (max-width: 1024px) {.tatsu-g2RIWQw7qj .tatsu-section-pad{padding: 70px 5% 60px 5%;}}@media only screen and (max-width: 767px) {.tatsu-g2RIWQw7qj .tatsu-section-pad{padding: 70px 7% 60px 7%;}}<\/style><\/div><div  class=\"tatsu-gdowou33oq7317hn tatsu-section  tatsu-bg-overlay   tatsu-clearfix\" data-title=\"\"  data-headerscheme=\"background--dark\"><div class='tatsu-section-pad clearfix' data-padding='{\"d\":\"79px 20% 90px 20%\",\"m\":\"70px 5% 90px 5%\",\"t\":\"70px 5% 90px 5%\"}' data-padding-top='70px'><div class=\"tatsu-row-wrap  tatsu-row-full-width tatsu-row-one-col tatsu-row-has-one-cols tatsu-medium-gutter tatsu-reg-cols  tatsu-clearfix tatsu-gdowou33ro3g5s1n\" ><div  class=\"tatsu-row \" ><div  class=\"tatsu-column  tatsu-bg-overlay tatsu-one-col tatsu-column-image-none tatsu-column-effect-none  tatsu-gdowou33ub31siyp\"  data-parallax-speed=\"0\" style=\"\"><div class=\"tatsu-column-inner \" ><div class=\"tatsu-column-pad-wrap\"><div class=\"tatsu-column-pad\" ><div  class=\"tatsu-module tatsu-text-block-wrap tatsu-gdowou33wrbtdhwk  \"><div class=\"tatsu-text-inner tatsu-align-center  clearfix\" ><style>.tatsu-gdowou33wrbtdhwk.tatsu-text-block-wrap .tatsu-text-inner{width: 100%;text-align: left;padding: 0px 0px 30px 0px;}<\/style>\n<h2 style=\"text-align: center;\">TA<br \/>\n<strong>KONTAKT!<\/strong><\/h2>\n<\/div><\/div>        <div  class = \"tatsu-wp-forms tatsu-module  tatsu-gdowou343fg8141k \" >\n            <style>.tatsu-gdowou343fg8141k.tatsu-wp-forms .wpforms-container-full .wpforms-form input:not([type=\"submit\"]), \n                            .tatsu-gdowou343fg8141k.tatsu-wp-forms .wpforms-container-full .wpforms-form textarea, \n                            .tatsu-gdowou343fg8141k.tatsu-wp-forms div.wpforms-container-full .wpforms-form select{color: rgba(0,0,0,1) ;}.tatsu-gdowou343fg8141k.tatsu-wp-forms .wpforms-container-full .wpforms-form .wpforms-field-label, \n                            .tatsu-gdowou343fg8141k ::-webkit-input-placeholder,\n                            .tatsu-gdowou343fg8141k.tatsu-wp-forms .wpforms-container-full .wpforms-form .wpforms-field-label-inline{color: rgba(0,0,0,1) ;}.tatsu-gdowou343fg8141k.tatsu-wp-forms div.wpforms-container-full .wpforms-form button[type=submit]{color: rgba(255,255,255,1) ;background-color: rgba(188,37,41,1);}.tatsu-gdowou343fg8141k textarea, .tatsu-gdowou343fg8141k input:not([type = \"submit\"]), .tatsu-gdowou343fg8141k select{border-color: rgba(0,0,0,1); }.tatsu-gdowou343fg8141k{border-width: 0px 0px 0px 0px;border-style: solid;}<\/style>            <div class = \"tatsu-wp-forms-inner tatsu-wp-form-border-with-underline tatsu-wp-form-submit-rounded\">\n                <div class=\"wpforms-container wpforms-container-full\" id=\"wpforms-732\"><form id=\"wpforms-form-732\" class=\"wpforms-validate wpforms-form\" data-formid=\"732\" method=\"post\" enctype=\"multipart\/form-data\" action=\"\/sv\/wp-json\/wp\/v2\/pages\/617\" data-token=\"64d4ae0aeca1cdd9c54b7c07ae78b76b\" data-token-time=\"1777311470\"><noscript class=\"wpforms-error-noscript\">Aktivera JavaScript i din webbl\u00e4sare f\u00f6r att fylla i formul\u00e4ret.<\/noscript><div class=\"wpforms-field-container\"><div id=\"wpforms-732-field_0-container\" class=\"wpforms-field wpforms-field-name\" data-field-id=\"0\"><label class=\"wpforms-field-label\" for=\"wpforms-732-field_0\">Namn <span class=\"wpforms-required-label\">*<\/span><\/label><input type=\"text\" id=\"wpforms-732-field_0\" class=\"wpforms-field-large wpforms-field-required\" name=\"wpforms[fields][0]\" required><\/div><div id=\"wpforms-732-field_1-container\" class=\"wpforms-field wpforms-field-email\" data-field-id=\"1\"><label class=\"wpforms-field-label\" for=\"wpforms-732-field_1\">E-post <span class=\"wpforms-required-label\">*<\/span><\/label><input type=\"email\" id=\"wpforms-732-field_1\" class=\"wpforms-field-large wpforms-field-required\" name=\"wpforms[fields][1]\" spellcheck=\"false\" required><\/div><div id=\"wpforms-732-field_4-container\" class=\"wpforms-field wpforms-field-number\" data-field-id=\"4\"><label class=\"wpforms-field-label\" for=\"wpforms-732-field_4\">Telefonnummer<\/label><input type=\"number\" id=\"wpforms-732-field_4\" class=\"wpforms-field-large\" name=\"wpforms[fields][4]\" step=\"any\" ><\/div><div id=\"wpforms-732-field_6-container\" class=\"wpforms-field wpforms-field-checkbox\" data-field-id=\"6\"><label class=\"wpforms-field-label\">Jag \u00f6nskar bli kontaktad <span class=\"wpforms-required-label\">*<\/span><\/label><ul id=\"wpforms-732-field_6\" class=\"wpforms-field-required\" data-choice-limit=\"1\"><li class=\"choice-1 depth-1\"><input type=\"checkbox\" id=\"wpforms-732-field_6_1\" data-rule-check-limit=\"true\" name=\"wpforms[fields][6][]\" value=\"per e-post\" required ><label class=\"wpforms-field-label-inline\" for=\"wpforms-732-field_6_1\">per e-post<\/label><\/li><li class=\"choice-2 depth-1\"><input type=\"checkbox\" id=\"wpforms-732-field_6_2\" data-rule-check-limit=\"true\" name=\"wpforms[fields][6][]\" value=\"per telefon\" required ><label class=\"wpforms-field-label-inline\" for=\"wpforms-732-field_6_2\">per telefon<\/label><\/li><\/ul><\/div><div id=\"wpforms-732-field_2-container\" class=\"wpforms-field wpforms-field-textarea\" data-field-id=\"2\"><label class=\"wpforms-field-label\" for=\"wpforms-732-field_2\">Meddelande <span class=\"wpforms-required-label\">*<\/span><\/label><textarea id=\"wpforms-732-field_2\" class=\"wpforms-field-medium wpforms-field-required\" name=\"wpforms[fields][2]\" required><\/textarea><\/div><\/div><!-- .wpforms-field-container --><div class=\"wpforms-field wpforms-field-hp\"><label for=\"wpforms-732-field-hp\" class=\"wpforms-field-label\">Website<\/label><input type=\"text\" name=\"wpforms[hp]\" id=\"wpforms-732-field-hp\" class=\"wpforms-field-medium\"><\/div><div class=\"wpforms-recaptcha-container wpforms-is-recaptcha wpforms-is-recaptcha-type-v3\" ><input type=\"hidden\" name=\"wpforms[recaptcha]\" value=\"\"><\/div><div class=\"wpforms-submit-container\" ><input type=\"hidden\" name=\"wpforms[id]\" value=\"732\"><input type=\"hidden\" name=\"page_title\" value=\"\"><input type=\"hidden\" name=\"page_url\" value=\"https:\/\/movaco.fi\/sv\/wp-json\/wp\/v2\/pages\/617\"><input type=\"hidden\" name=\"url_referer\" value=\"\"><button type=\"submit\" name=\"wpforms[submit]\" id=\"wpforms-submit-732\" class=\"wpforms-submit\" data-alt-text=\"Skickar...\" data-submit-text=\"Skicka\" aria-live=\"assertive\" value=\"wpforms-submit\">Skicka<\/button><\/div><\/form><\/div>  <!-- .wpforms-container -->            <\/div>\n        <\/div>\n<\/div><\/div><div class = \"tatsu-column-bg-image-wrap\"><div class = \"tatsu-column-bg-image\" ><\/div><\/div><div class=\"tatsu-overlay tatsu-column-overlay tatsu-animate-none\" ><\/div><\/div><style>.tatsu-row > .tatsu-gdowou33ub31siyp.tatsu-column{width: 100%;}.tatsu-gdowou33ub31siyp.tatsu-column > .tatsu-column-inner > .tatsu-column-overlay{mix-blend-mode: normal;}.tatsu-gdowou33ub31siyp > .tatsu-column-inner > .tatsu-top-divider{z-index: 9999;}.tatsu-gdowou33ub31siyp > .tatsu-column-inner > .tatsu-bottom-divider{z-index: 9999;}.tatsu-gdowou33ub31siyp > .tatsu-column-inner > .tatsu-left-divider{z-index: 9999;}.tatsu-gdowou33ub31siyp > .tatsu-column-inner > .tatsu-right-divider{z-index: 9999;}@media only screen and (max-width:1377px) {.tatsu-row > .tatsu-gdowou33ub31siyp.tatsu-column{width: 100%;}}@media only screen and (min-width:768px) and (max-width: 1024px) {.tatsu-row > .tatsu-gdowou33ub31siyp.tatsu-column{width: 100%;}}@media only screen and (max-width: 767px) {.tatsu-row > .tatsu-gdowou33ub31siyp.tatsu-column{width: 100%;}}<\/style><\/div><\/div><\/div><\/div><div class=\"tatsu-section-background-wrap\"><div class = \"tatsu-section-background\" ><\/div><\/div><div class=\"tatsu-overlay tatsu-section-overlay\"><\/div><style>.tatsu-gdowou33oq7317hn{border-color: rgba(155,155,155,1); }.tatsu-gdowou33oq7317hn .tatsu-section-pad{padding: 79px 20% 90px 20%;}.tatsu-gdowou33oq7317hn .tatsu-section-offset-wrap{transform: translateY(-0px);}.tatsu-gdowou33oq7317hn > .tatsu-bottom-divider{z-index: 9999;}.tatsu-gdowou33oq7317hn > .tatsu-top-divider{z-index: 9999;}.tatsu-gdowou33oq7317hn .tatsu-section-overlay{mix-blend-mode: normal;}@media only screen and (min-width:768px) and (max-width: 1024px) {.tatsu-gdowou33oq7317hn .tatsu-section-pad{padding: 70px 5% 90px 5%;}}@media only screen and (max-width: 767px) {.tatsu-gdowou33oq7317hn .tatsu-section-pad{padding: 70px 5% 90px 5%;}}<\/style><\/div>\n","protected":false},"excerpt":{"rendered":"<div><a href=\"https:\/\/movaco.fi\/sv\/movaco-oy-information\/\" class=\"exp-read-more exp-read-more-underlined\">Read More<\/a><\/div>\n","protected":false},"author":4,"featured_media":0,"parent":0,"menu_order":0,"comment_status":"closed","ping_status":"closed","template":"","meta":{"footnotes":""},"class_list":["post-617","page","type-page","status-publish","hentry"],"yoast_head":"<!-- This site is optimized with the Yoast SEO plugin v27.4 - https:\/\/yoast.com\/product\/yoast-seo-wordpress\/ -->\n<title>Movaco Oy - CANON Business Center - Vasa<\/title>\n<meta name=\"description\" content=\"Movaco Oy - CANON Business Center i Vasa. Leverant\u00f6r med l\u00e5ng erfarenhet av Canon produkter och system.\" \/>\n<meta name=\"robots\" content=\"index, follow, max-snippet:-1, max-image-preview:large, max-video-preview:-1\" \/>\n<link rel=\"canonical\" href=\"https:\/\/movaco.fi\/sv\/movaco-oy-information\/\" \/>\n<meta property=\"og:locale\" content=\"sv_SE\" \/>\n<meta property=\"og:type\" content=\"article\" \/>\n<meta property=\"og:title\" content=\"Movaco Oy - CANON Business Center - Vasa\" \/>\n<meta property=\"og:description\" content=\"Movaco Oy - CANON Business Center i Vasa. Leverant\u00f6r med l\u00e5ng erfarenhet av Canon produkter och system.\" \/>\n<meta property=\"og:url\" content=\"https:\/\/movaco.fi\/sv\/movaco-oy-information\/\" \/>\n<meta property=\"og:site_name\" content=\"movaco\" \/>\n<meta property=\"article:publisher\" content=\"https:\/\/www.facebook.com\/Movaco-Oy-1623983064297182\/\" \/>\n<meta property=\"article:modified_time\" content=\"2023-08-01T05:46:48+00:00\" \/>\n<meta name=\"twitter:card\" content=\"summary_large_image\" \/>\n<meta name=\"twitter:label1\" content=\"Ber\u00e4knad l\u00e4stid\" \/>\n\t<meta name=\"twitter:data1\" content=\"6 minuter\" \/>\n<script type=\"application\/ld+json\" class=\"yoast-schema-graph\">{\"@context\":\"https:\\\/\\\/schema.org\",\"@graph\":[{\"@type\":[\"WebPage\",\"ContactPage\"],\"@id\":\"https:\\\/\\\/movaco.fi\\\/sv\\\/movaco-oy-information\\\/\",\"url\":\"https:\\\/\\\/movaco.fi\\\/sv\\\/movaco-oy-information\\\/\",\"name\":\"Movaco Oy - CANON Business Center - Vasa\",\"isPartOf\":{\"@id\":\"https:\\\/\\\/movaco.fi\\\/#website\"},\"datePublished\":\"2020-08-12T14:32:15+00:00\",\"dateModified\":\"2023-08-01T05:46:48+00:00\",\"description\":\"Movaco Oy - CANON Business Center i Vasa. Leverant\u00f6r med l\u00e5ng erfarenhet av Canon produkter och system.\",\"breadcrumb\":{\"@id\":\"https:\\\/\\\/movaco.fi\\\/sv\\\/movaco-oy-information\\\/#breadcrumb\"},\"inLanguage\":\"sv-SE\",\"potentialAction\":[{\"@type\":\"ReadAction\",\"target\":[\"https:\\\/\\\/movaco.fi\\\/sv\\\/movaco-oy-information\\\/\"]}]},{\"@type\":\"BreadcrumbList\",\"@id\":\"https:\\\/\\\/movaco.fi\\\/sv\\\/movaco-oy-information\\\/#breadcrumb\",\"itemListElement\":[{\"@type\":\"ListItem\",\"position\":1,\"name\":\"Etusivu\",\"item\":\"https:\\\/\\\/movaco.fi\\\/sv\\\/\"},{\"@type\":\"ListItem\",\"position\":2,\"name\":\"Om oss\"}]},{\"@type\":\"WebSite\",\"@id\":\"https:\\\/\\\/movaco.fi\\\/#website\",\"url\":\"https:\\\/\\\/movaco.fi\\\/\",\"name\":\"movaco\",\"description\":\"Canon business center\",\"publisher\":{\"@id\":\"https:\\\/\\\/movaco.fi\\\/#organization\"},\"potentialAction\":[{\"@type\":\"SearchAction\",\"target\":{\"@type\":\"EntryPoint\",\"urlTemplate\":\"https:\\\/\\\/movaco.fi\\\/?s={search_term_string}\"},\"query-input\":{\"@type\":\"PropertyValueSpecification\",\"valueRequired\":true,\"valueName\":\"search_term_string\"}}],\"inLanguage\":\"sv-SE\"},{\"@type\":\"Organization\",\"@id\":\"https:\\\/\\\/movaco.fi\\\/#organization\",\"name\":\"Movaco Oy\",\"url\":\"https:\\\/\\\/movaco.fi\\\/\",\"logo\":{\"@type\":\"ImageObject\",\"inLanguage\":\"sv-SE\",\"@id\":\"https:\\\/\\\/movaco.fi\\\/#\\\/schema\\\/logo\\\/image\\\/\",\"url\":\"https:\\\/\\\/movaco.fi\\\/wp-content\\\/uploads\\\/2021\\\/01\\\/Movaco-Canon-Business-Center-2-2.png\",\"contentUrl\":\"https:\\\/\\\/movaco.fi\\\/wp-content\\\/uploads\\\/2021\\\/01\\\/Movaco-Canon-Business-Center-2-2.png\",\"width\":301,\"height\":76,\"caption\":\"Movaco Oy\"},\"image\":{\"@id\":\"https:\\\/\\\/movaco.fi\\\/#\\\/schema\\\/logo\\\/image\\\/\"},\"sameAs\":[\"https:\\\/\\\/www.facebook.com\\\/Movaco-Oy-1623983064297182\\\/\",\"https:\\\/\\\/www.instagram.com\\\/movacocbc\\\/\",\"https:\\\/\\\/www.linkedin.com\\\/company\\\/movacooy\\\/\"]}]}<\/script>\n<!-- \/ Yoast SEO plugin. -->","yoast_head_json":{"title":"Movaco Oy - CANON Business Center - Vasa","description":"Movaco Oy - CANON Business Center i Vasa. Leverant\u00f6r med l\u00e5ng erfarenhet av Canon produkter och system.","robots":{"index":"index","follow":"follow","max-snippet":"max-snippet:-1","max-image-preview":"max-image-preview:large","max-video-preview":"max-video-preview:-1"},"canonical":"https:\/\/movaco.fi\/sv\/movaco-oy-information\/","og_locale":"sv_SE","og_type":"article","og_title":"Movaco Oy - CANON Business Center - Vasa","og_description":"Movaco Oy - CANON Business Center i Vasa. Leverant\u00f6r med l\u00e5ng erfarenhet av Canon produkter och system.","og_url":"https:\/\/movaco.fi\/sv\/movaco-oy-information\/","og_site_name":"movaco","article_publisher":"https:\/\/www.facebook.com\/Movaco-Oy-1623983064297182\/","article_modified_time":"2023-08-01T05:46:48+00:00","twitter_card":"summary_large_image","twitter_misc":{"Ber\u00e4knad l\u00e4stid":"6 minuter"},"schema":{"@context":"https:\/\/schema.org","@graph":[{"@type":["WebPage","ContactPage"],"@id":"https:\/\/movaco.fi\/sv\/movaco-oy-information\/","url":"https:\/\/movaco.fi\/sv\/movaco-oy-information\/","name":"Movaco Oy - CANON Business Center - Vasa","isPartOf":{"@id":"https:\/\/movaco.fi\/#website"},"datePublished":"2020-08-12T14:32:15+00:00","dateModified":"2023-08-01T05:46:48+00:00","description":"Movaco Oy - CANON Business Center i Vasa. Leverant\u00f6r med l\u00e5ng erfarenhet av Canon produkter och system.","breadcrumb":{"@id":"https:\/\/movaco.fi\/sv\/movaco-oy-information\/#breadcrumb"},"inLanguage":"sv-SE","potentialAction":[{"@type":"ReadAction","target":["https:\/\/movaco.fi\/sv\/movaco-oy-information\/"]}]},{"@type":"BreadcrumbList","@id":"https:\/\/movaco.fi\/sv\/movaco-oy-information\/#breadcrumb","itemListElement":[{"@type":"ListItem","position":1,"name":"Etusivu","item":"https:\/\/movaco.fi\/sv\/"},{"@type":"ListItem","position":2,"name":"Om oss"}]},{"@type":"WebSite","@id":"https:\/\/movaco.fi\/#website","url":"https:\/\/movaco.fi\/","name":"movaco","description":"Canon business center","publisher":{"@id":"https:\/\/movaco.fi\/#organization"},"potentialAction":[{"@type":"SearchAction","target":{"@type":"EntryPoint","urlTemplate":"https:\/\/movaco.fi\/?s={search_term_string}"},"query-input":{"@type":"PropertyValueSpecification","valueRequired":true,"valueName":"search_term_string"}}],"inLanguage":"sv-SE"},{"@type":"Organization","@id":"https:\/\/movaco.fi\/#organization","name":"Movaco Oy","url":"https:\/\/movaco.fi\/","logo":{"@type":"ImageObject","inLanguage":"sv-SE","@id":"https:\/\/movaco.fi\/#\/schema\/logo\/image\/","url":"https:\/\/movaco.fi\/wp-content\/uploads\/2021\/01\/Movaco-Canon-Business-Center-2-2.png","contentUrl":"https:\/\/movaco.fi\/wp-content\/uploads\/2021\/01\/Movaco-Canon-Business-Center-2-2.png","width":301,"height":76,"caption":"Movaco Oy"},"image":{"@id":"https:\/\/movaco.fi\/#\/schema\/logo\/image\/"},"sameAs":["https:\/\/www.facebook.com\/Movaco-Oy-1623983064297182\/","https:\/\/www.instagram.com\/movacocbc\/","https:\/\/www.linkedin.com\/company\/movacooy\/"]}]}},"_links":{"self":[{"href":"https:\/\/movaco.fi\/sv\/wp-json\/wp\/v2\/pages\/617","targetHints":{"allow":["GET"]}}],"collection":[{"href":"https:\/\/movaco.fi\/sv\/wp-json\/wp\/v2\/pages"}],"about":[{"href":"https:\/\/movaco.fi\/sv\/wp-json\/wp\/v2\/types\/page"}],"author":[{"embeddable":true,"href":"https:\/\/movaco.fi\/sv\/wp-json\/wp\/v2\/users\/4"}],"replies":[{"embeddable":true,"href":"https:\/\/movaco.fi\/sv\/wp-json\/wp\/v2\/comments?post=617"}],"version-history":[{"count":18,"href":"https:\/\/movaco.fi\/sv\/wp-json\/wp\/v2\/pages\/617\/revisions"}],"predecessor-version":[{"id":1283,"href":"https:\/\/movaco.fi\/sv\/wp-json\/wp\/v2\/pages\/617\/revisions\/1283"}],"wp:attachment":[{"href":"https:\/\/movaco.fi\/sv\/wp-json\/wp\/v2\/media?parent=617"}],"curies":[{"name":"wp","href":"https:\/\/api.w.org\/{rel}","templated":true}]}}